{"id":40096,"date":"2022-06-10T14:10:30","date_gmt":"2022-06-10T12:10:30","guid":{"rendered":"https:\/\/www.guayapi.com\/boutique\/?post_type=product&#038;p=40096"},"modified":"2026-01-02T14:07:15","modified_gmt":"2026-01-02T13:07:15","slug":"timbo","status":"publish","type":"product","link":"https:\/\/www.guayapi.com\/boutique\/produit\/timbo\/","title":{"rendered":"TIMB\u00d3 &#8211; BI\u00c8RE AU WARANA (GUARANA DES TERRES D&rsquo;ORIGINE)"},"content":{"rendered":"<p><strong>LAISSEZ-VOUS ENVO\u00dbTER PAR LES SAVEURS D\u2019AMAZONIE<\/strong><\/p>\n<p><strong>Quand l\u2019amertume et les notes fum\u00e9es du Warana rencontrent la fra\u00eecheur de la Bi\u00e8re.<\/strong><\/p>\n<p>Le Warana est une plante mythique et mystique de la for\u00eat amazonienne et un tr\u00e9sor pour le peuple Sater\u00e9 Maw\u00e9 qui veille sur elle depuis des milliers d\u2019ann\u00e9es. <strong>GUAYAPI<\/strong>\u00a0et la\u00a0<strong>Brasserie La Voisine<\/strong>\u00a0combinent cette plante mill\u00e9naire d\u2019Amazonie du Br\u00e9sil au savoir faire fran\u00e7ais dans cette nouveaut\u00e9 2022 :\u00a0<strong>TIMB\u00d3 \u2013 La Bi\u00e8re au Warana (Guarana des Terres d\u2019Origine).<\/strong><\/p>\n<p><strong>Ingr\u00e9dients :<\/strong> eau, malt d&rsquo;orge* [gluten] (origine France et Allemagne), sucre de betterave* (origine Allemagne), houblon* (hull melon et spalter select origine Allemagne), Warana* (origine Amazonie du Br\u00e9sil). *Issu de l&rsquo;agriculture biologique.<\/p>\n<p>FABRIQU\u00c9E EN FRANCE PAR :<br \/>\nBRASSERIE LA VOISINE<br \/>\nRUE DU PONT DES LANDES<br \/>\n78310 COIGNI\u00c8RES<\/p>\n<p><strong>Alcool : 4,5 % vol<\/strong><\/p>\n<p>L&rsquo;ABUS D&rsquo;ALCOOL EST DANGEREUX POUR LA SANT\u00c9: \u00c0 CONSOMMER AVEC MOD\u00c9RATION. LA VENTE D&rsquo;ALCOOL EST INTERDITE AUX MINEURS. LA CONSOMMATION DE BOISSONS ALCOOLIS\u00c9ES PENDANT LA GROSSESSE, M\u00caME EN FAIBLE QUANTIT\u00c9, PEUT AVOIR DES CONS\u00c9QUENCES GRAVES SUR LA SANT\u00c9 DE L&rsquo;ENFANT.<\/p>\n","protected":false},"excerpt":{"rendered":"<p>LAISSEZ-VOUS ENVO\u00dbTER PAR LES SAVEURS D\u2019AMAZONIE<\/p>\n<p>(278,78\u20ac\/L)<\/p>\n","protected":false},"featured_media":40097,"template":"","meta":{"_acf_changed":false},"product_brand":[],"product_cat":[9],"product_tag":[476],"class_list":{"0":"post-40096","1":"product","2":"type-product","3":"status-publish","4":"has-post-thumbnail","6":"product_cat-epicerie-fine","7":"product_tag-biere","9":"first","10":"instock","11":"sale","12":"taxable","13":"shipping-taxable","14":"purchasable","15":"product-type-simple"},"acf":[],"yoast_head":"<title>TIMB\u00d3 - BI\u00c8RE AU WARANA (GUARANA DES TERRES D&#039;ORIGINE) - Guayapi<\/title>\n<meta name=\"robots\" content=\"index, follow, max-snippet:-1, max-image-preview:large, max-video-preview:-1\" \/>\n<link rel=\"canonical\" href=\"https:\/\/www.guayapi.com\/boutique\/produit\/timbo\/\" \/>\n<meta property=\"og:locale\" content=\"fr_FR\" \/>\n<meta property=\"og:type\" content=\"article\" \/>\n<meta property=\"og:title\" content=\"TIMB\u00d3 - BI\u00c8RE AU WARANA (GUARANA DES TERRES D&#039;ORIGINE) - Guayapi\" \/>\n<meta property=\"og:description\" content=\"LAISSEZ-VOUS ENVO\u00dbTER PAR LES SAVEURS D\u2019AMAZONIE  (278,78\u20ac\/L)\" \/>\n<meta property=\"og:url\" content=\"https:\/\/www.guayapi.com\/boutique\/produit\/timbo\/\" \/>\n<meta property=\"og:site_name\" content=\"Guayapi\" \/>\n<meta property=\"article:modified_time\" content=\"2026-01-02T13:07:15+00:00\" \/>\n<meta property=\"og:image\" content=\"https:\/\/www.guayapi.com\/boutique\/wp-content\/uploads\/2022\/06\/biere-timbo-sans-fond-e1654859048840.png\" \/>\n\t<meta property=\"og:image:width\" content=\"200\" \/>\n\t<meta property=\"og:image:height\" content=\"584\" \/>\n\t<meta property=\"og:image:type\" content=\"image\/png\" \/>\n<meta name=\"twitter:card\" content=\"summary_large_image\" \/>\n<meta name=\"twitter:label1\" content=\"Dur\u00e9e de lecture estim\u00e9e\" \/>\n\t<meta name=\"twitter:data1\" content=\"2 minutes\" \/>\n<script type=\"application\/ld+json\" class=\"yoast-schema-graph\">{\"@context\":\"https:\\\/\\\/schema.org\",\"@graph\":[{\"@type\":\"WebPage\",\"@id\":\"https:\\\/\\\/www.guayapi.com\\\/boutique\\\/produit\\\/timbo\\\/\",\"url\":\"https:\\\/\\\/www.guayapi.com\\\/boutique\\\/produit\\\/timbo\\\/\",\"name\":\"TIMB\u00d3 - BI\u00c8RE AU WARANA (GUARANA DES TERRES D'ORIGINE) - Guayapi\",\"isPartOf\":{\"@id\":\"https:\\\/\\\/www.guayapi.com\\\/boutique\\\/#website\"},\"primaryImageOfPage\":{\"@id\":\"https:\\\/\\\/www.guayapi.com\\\/boutique\\\/produit\\\/timbo\\\/#primaryimage\"},\"image\":{\"@id\":\"https:\\\/\\\/www.guayapi.com\\\/boutique\\\/produit\\\/timbo\\\/#primaryimage\"},\"thumbnailUrl\":\"https:\\\/\\\/www.guayapi.com\\\/boutique\\\/wp-content\\\/uploads\\\/2022\\\/06\\\/biere-timbo-sans-fond-e1654859048840.png\",\"datePublished\":\"2022-06-10T12:10:30+00:00\",\"dateModified\":\"2026-01-02T13:07:15+00:00\",\"breadcrumb\":{\"@id\":\"https:\\\/\\\/www.guayapi.com\\\/boutique\\\/produit\\\/timbo\\\/#breadcrumb\"},\"inLanguage\":\"fr-FR\",\"potentialAction\":[{\"@type\":\"ReadAction\",\"target\":[\"https:\\\/\\\/www.guayapi.com\\\/boutique\\\/produit\\\/timbo\\\/\"]}]},{\"@type\":\"ImageObject\",\"inLanguage\":\"fr-FR\",\"@id\":\"https:\\\/\\\/www.guayapi.com\\\/boutique\\\/produit\\\/timbo\\\/#primaryimage\",\"url\":\"https:\\\/\\\/www.guayapi.com\\\/boutique\\\/wp-content\\\/uploads\\\/2022\\\/06\\\/biere-timbo-sans-fond-e1654859048840.png\",\"contentUrl\":\"https:\\\/\\\/www.guayapi.com\\\/boutique\\\/wp-content\\\/uploads\\\/2022\\\/06\\\/biere-timbo-sans-fond-e1654859048840.png\",\"width\":200,\"height\":584},{\"@type\":\"BreadcrumbList\",\"@id\":\"https:\\\/\\\/www.guayapi.com\\\/boutique\\\/produit\\\/timbo\\\/#breadcrumb\",\"itemListElement\":[{\"@type\":\"ListItem\",\"position\":1,\"name\":\"Accueil\",\"item\":\"https:\\\/\\\/www.guayapi.com\\\/boutique\\\/\"},{\"@type\":\"ListItem\",\"position\":2,\"name\":\"Boutique\",\"item\":\"https:\\\/\\\/www.guayapi.com\\\/boutique\\\/\"},{\"@type\":\"ListItem\",\"position\":3,\"name\":\"TIMB\u00d3 &#8211; BI\u00c8RE AU WARANA (GUARANA DES TERRES D&rsquo;ORIGINE)\"}]},{\"@type\":\"WebSite\",\"@id\":\"https:\\\/\\\/www.guayapi.com\\\/boutique\\\/#website\",\"url\":\"https:\\\/\\\/www.guayapi.com\\\/boutique\\\/\",\"name\":\"Guayapi\",\"description\":\"Super-aliments \u2022 \u00c9picerie fine \u2022 Cosm\u00e9tiques\",\"potentialAction\":[{\"@type\":\"SearchAction\",\"target\":{\"@type\":\"EntryPoint\",\"urlTemplate\":\"https:\\\/\\\/www.guayapi.com\\\/boutique\\\/?s={search_term_string}\"},\"query-input\":{\"@type\":\"PropertyValueSpecification\",\"valueRequired\":true,\"valueName\":\"search_term_string\"}}],\"inLanguage\":\"fr-FR\"}]}<\/script>","yoast_head_json":{"title":"TIMB\u00d3 - BI\u00c8RE AU WARANA (GUARANA DES TERRES D'ORIGINE) - Guayapi","robots":{"index":"index","follow":"follow","max-snippet":"max-snippet:-1","max-image-preview":"max-image-preview:large","max-video-preview":"max-video-preview:-1"},"canonical":"https:\/\/www.guayapi.com\/boutique\/produit\/timbo\/","og_locale":"fr_FR","og_type":"article","og_title":"TIMB\u00d3 - BI\u00c8RE AU WARANA (GUARANA DES TERRES D'ORIGINE) - Guayapi","og_description":"LAISSEZ-VOUS ENVO\u00dbTER PAR LES SAVEURS D\u2019AMAZONIE  (278,78\u20ac\/L)","og_url":"https:\/\/www.guayapi.com\/boutique\/produit\/timbo\/","og_site_name":"Guayapi","article_modified_time":"2026-01-02T13:07:15+00:00","og_image":[{"width":200,"height":584,"url":"https:\/\/www.guayapi.com\/boutique\/wp-content\/uploads\/2022\/06\/biere-timbo-sans-fond-e1654859048840.png","type":"image\/png"}],"twitter_card":"summary_large_image","twitter_misc":{"Dur\u00e9e de lecture estim\u00e9e":"2 minutes"},"schema":{"@context":"https:\/\/schema.org","@graph":[{"@type":"WebPage","@id":"https:\/\/www.guayapi.com\/boutique\/produit\/timbo\/","url":"https:\/\/www.guayapi.com\/boutique\/produit\/timbo\/","name":"TIMB\u00d3 - BI\u00c8RE AU WARANA (GUARANA DES TERRES D'ORIGINE) - Guayapi","isPartOf":{"@id":"https:\/\/www.guayapi.com\/boutique\/#website"},"primaryImageOfPage":{"@id":"https:\/\/www.guayapi.com\/boutique\/produit\/timbo\/#primaryimage"},"image":{"@id":"https:\/\/www.guayapi.com\/boutique\/produit\/timbo\/#primaryimage"},"thumbnailUrl":"https:\/\/www.guayapi.com\/boutique\/wp-content\/uploads\/2022\/06\/biere-timbo-sans-fond-e1654859048840.png","datePublished":"2022-06-10T12:10:30+00:00","dateModified":"2026-01-02T13:07:15+00:00","breadcrumb":{"@id":"https:\/\/www.guayapi.com\/boutique\/produit\/timbo\/#breadcrumb"},"inLanguage":"fr-FR","potentialAction":[{"@type":"ReadAction","target":["https:\/\/www.guayapi.com\/boutique\/produit\/timbo\/"]}]},{"@type":"ImageObject","inLanguage":"fr-FR","@id":"https:\/\/www.guayapi.com\/boutique\/produit\/timbo\/#primaryimage","url":"https:\/\/www.guayapi.com\/boutique\/wp-content\/uploads\/2022\/06\/biere-timbo-sans-fond-e1654859048840.png","contentUrl":"https:\/\/www.guayapi.com\/boutique\/wp-content\/uploads\/2022\/06\/biere-timbo-sans-fond-e1654859048840.png","width":200,"height":584},{"@type":"BreadcrumbList","@id":"https:\/\/www.guayapi.com\/boutique\/produit\/timbo\/#breadcrumb","itemListElement":[{"@type":"ListItem","position":1,"name":"Accueil","item":"https:\/\/www.guayapi.com\/boutique\/"},{"@type":"ListItem","position":2,"name":"Boutique","item":"https:\/\/www.guayapi.com\/boutique\/"},{"@type":"ListItem","position":3,"name":"TIMB\u00d3 &#8211; BI\u00c8RE AU WARANA (GUARANA DES TERRES D&rsquo;ORIGINE)"}]},{"@type":"WebSite","@id":"https:\/\/www.guayapi.com\/boutique\/#website","url":"https:\/\/www.guayapi.com\/boutique\/","name":"Guayapi","description":"Super-aliments \u2022 \u00c9picerie fine \u2022 Cosm\u00e9tiques","potentialAction":[{"@type":"SearchAction","target":{"@type":"EntryPoint","urlTemplate":"https:\/\/www.guayapi.com\/boutique\/?s={search_term_string}"},"query-input":{"@type":"PropertyValueSpecification","valueRequired":true,"valueName":"search_term_string"}}],"inLanguage":"fr-FR"}]}},"_links":{"self":[{"href":"https:\/\/www.guayapi.com\/boutique\/wp-json\/wp\/v2\/product\/40096","targetHints":{"allow":["GET"]}}],"collection":[{"href":"https:\/\/www.guayapi.com\/boutique\/wp-json\/wp\/v2\/product"}],"about":[{"href":"https:\/\/www.guayapi.com\/boutique\/wp-json\/wp\/v2\/types\/product"}],"wp:featuredmedia":[{"embeddable":true,"href":"https:\/\/www.guayapi.com\/boutique\/wp-json\/wp\/v2\/media\/40097"}],"wp:attachment":[{"href":"https:\/\/www.guayapi.com\/boutique\/wp-json\/wp\/v2\/media?parent=40096"}],"wp:term":[{"taxonomy":"product_brand","embeddable":true,"href":"https:\/\/www.guayapi.com\/boutique\/wp-json\/wp\/v2\/product_brand?post=40096"},{"taxonomy":"product_cat","embeddable":true,"href":"https:\/\/www.guayapi.com\/boutique\/wp-json\/wp\/v2\/product_cat?post=40096"},{"taxonomy":"product_tag","embeddable":true,"href":"https:\/\/www.guayapi.com\/boutique\/wp-json\/wp\/v2\/product_tag?post=40096"}],"curies":[{"name":"wp","href":"https:\/\/api.w.org\/{rel}","templated":true}]}}