{"id":4249,"date":"2017-11-24T15:33:41","date_gmt":"2017-11-24T14:33:41","guid":{"rendered":"https:\/\/www.guayapi.com\/boutique\/?post_type=product&#038;p=4249"},"modified":"2026-01-02T13:28:09","modified_gmt":"2026-01-02T12:28:09","slug":"moringa","status":"publish","type":"product","link":"https:\/\/www.guayapi.com\/boutique\/produit\/moringa\/","title":{"rendered":"Moringa"},"content":{"rendered":"<p><strong>Poudre de Moringa bio<\/strong><br \/>\n<strong>Un super aliment des Terres d\u2019Origine du Sri-Lanka<\/strong><\/p>\n<p>La Moringa (ou Morungai), est un arbre qui pousse dans le jardin forestier de Maussawa (Coteaux de Kotmal\u00e9) au Sri-Lanka.<\/p>\n<p>Apr\u00e8s leur cueillette sauvage par un groupement de petits producteurs de Halpola, les feuilles de Moringa sont s\u00e9ch\u00e9es au soleil, puis r\u00e9duites en poudre brute, lentement, par proc\u00e9d\u00e9 m\u00e9canique, afin de pr\u00e9server tous leurs principes actifs, le tout dans le respect du protocole traditionnel.<\/p>\n<p><strong>Un super aliment \u00e0 utiliser comme \u00e9pice, condiment et m\u00eame ingr\u00e9dient cosm\u00e9tique<\/strong><\/p>\n<p>La poudre de Moringa apporte une base compl\u00e8te et \u00e9quilibr\u00e9e en vitamines et min\u00e9raux :<br \/>\n&#8211; Vitamine A : contribue au maintien des muqueuses et \u00e0 la sp\u00e9cialisation cellulaire;<br \/>\n&#8211; Vitamine C : fameux antioxydant qui contribue \u00e0 lutter contre la fatigue;<br \/>\n&#8211; Calcium : contribue au maintien des os, des dents, des fonctions musculaires, des enzymes digestives, et de la transmission neuronale normale;<br \/>\n&#8211; Fer : participe aux fonctions cognitives et aux fonctions normales du syst\u00e8me immunitaire;<br \/>\n&#8211; Magn\u00e9sium : pour le fonctionnement normal du syst\u00e8me nerveux et psychologique.<\/p>\n<p><strong>Conseils d&rsquo;utilisations :<\/strong> prendre 1 \u00e0 3 cuill\u00e8res \u00e0 caf\u00e9 par jour, \u00e0 m\u00e9langer dans un plat ou dans une boisson.<\/p>\n<p>INFORMATIONS NUTRITIONNELLES POUR 100 GRAMMES:<\/p>\n<p>Valeur \u00e9nerg\u00e9tique: 339Kcal\/1439 KJ ; Lipides: 1,4 g ; dont Acides Gras Satur\u00e9s: 0,51 g ;Glucides: 57,6 g ; dont Sucres : 5,6 g ; Prot\u00e9ines : 23,9 g ; Sel : 0,07g ; Vitamine A : 4138,5\u03bcg (517% des VNR*) , Vitamine C : 790 mg (987,5% des VNR), Calcium : 1950 mg (243,8% des VNR), Potassium : 1200 mg (60% des VNR), Magn\u00e9sium : 380 mg (101,33% des VNR), Fer: 25mg (178,6% des VNR).<\/p>\n<p>*VNR: Valeur Nutritionnelle de R\u00e9f\u00e9rence<\/p>\n<p>INFORMATIONS NUTRITIONNELLES PAR PORTION DE 3 GRAMMES (3 CUILL\u00c8RE \u00c0 CAF\u00c9):<\/p>\n<p>Valeur \u00e9nerg\u00e9tique: 10,17Kcal\/43,17 KJ ; Lipides: 0,04 g ; dont Acides Gras Satur\u00e9s: 0,02 g ; Glucides: 1,73 g ; dont Sucres : 0,17 g ; Prot\u00e9ines : 0,72 g ; Sel : 0 g ; Vitamine A : 124,16 \u03bcg (15,5% des VNR*), Vitamine C : 23,7 mg (29,6% des VNR), Calcium : 58,5 mg (7,3% des VNR), Potassium : 36 mg (1,8% des VNR), Magn\u00e9sium : 11,4 mg (3% des VNR), Fer: 0,75mg (5,4% des VNR).<\/p>\n<p>*VNR: Valeur Nutritionnelle de R\u00e9f\u00e9rence<\/p>\n<p><span style=\"font-size: 10pt\"><em>COMPL\u00c9MENT ALIMENTAIRE. TENIR HORS DE PORT\u00c9E DES JEUNES ENFANTS. NE PEUT SE SUBSTITUER \u00c0 UN R\u00c9GIME ALIMENTAIRE VARI\u00c9, NI \u00c0 UN MODE DE VIE SAIN. \u00c0 CONSOMMER DE PR\u00c9F\u00c9RENCE AVANT FIN : VOIR AU FOND DE LA BO\u00ceTE.<\/em><\/span><\/p>\n","protected":false},"excerpt":{"rendered":"<p>(247,50\u20ac\/kg)<\/p>\n","protected":false},"featured_media":38155,"template":"","meta":{"_acf_changed":false},"product_brand":[],"product_cat":[7],"product_tag":[17,436,438],"class_list":{"0":"post-4249","1":"product","2":"type-product","3":"status-publish","4":"has-post-thumbnail","6":"product_cat-super-aliments","7":"product_tag-sport","8":"product_tag-calcium","9":"product_tag-proteines-vegetales","11":"first","12":"instock","13":"taxable","14":"shipping-taxable","15":"purchasable","16":"product-type-simple"},"acf":[],"yoast_head":"<title>Moringa - Guayapi<\/title>\n<meta name=\"robots\" content=\"index, follow, max-snippet:-1, max-image-preview:large, max-video-preview:-1\" \/>\n<link rel=\"canonical\" href=\"https:\/\/www.guayapi.com\/boutique\/produit\/moringa\/\" \/>\n<meta property=\"og:locale\" content=\"fr_FR\" \/>\n<meta property=\"og:type\" content=\"article\" \/>\n<meta property=\"og:title\" content=\"Moringa - Guayapi\" \/>\n<meta property=\"og:description\" content=\"(247,50\u20ac\/kg)\" \/>\n<meta property=\"og:url\" content=\"https:\/\/www.guayapi.com\/boutique\/produit\/moringa\/\" \/>\n<meta property=\"og:site_name\" content=\"Guayapi\" \/>\n<meta property=\"article:modified_time\" content=\"2026-01-02T12:28:09+00:00\" \/>\n<meta property=\"og:image\" content=\"https:\/\/www.guayapi.com\/boutique\/wp-content\/uploads\/2017\/11\/guayapi-moringa-e1666337942678.png\" \/>\n\t<meta property=\"og:image:width\" content=\"194\" \/>\n\t<meta property=\"og:image:height\" content=\"509\" \/>\n\t<meta property=\"og:image:type\" content=\"image\/png\" \/>\n<meta name=\"twitter:card\" content=\"summary_large_image\" \/>\n<meta name=\"twitter:label1\" content=\"Dur\u00e9e de lecture estim\u00e9e\" \/>\n\t<meta name=\"twitter:data1\" content=\"3 minutes\" \/>\n<script type=\"application\/ld+json\" class=\"yoast-schema-graph\">{\"@context\":\"https:\\\/\\\/schema.org\",\"@graph\":[{\"@type\":\"WebPage\",\"@id\":\"https:\\\/\\\/www.guayapi.com\\\/boutique\\\/produit\\\/moringa\\\/\",\"url\":\"https:\\\/\\\/www.guayapi.com\\\/boutique\\\/produit\\\/moringa\\\/\",\"name\":\"Moringa - Guayapi\",\"isPartOf\":{\"@id\":\"https:\\\/\\\/www.guayapi.com\\\/boutique\\\/#website\"},\"primaryImageOfPage\":{\"@id\":\"https:\\\/\\\/www.guayapi.com\\\/boutique\\\/produit\\\/moringa\\\/#primaryimage\"},\"image\":{\"@id\":\"https:\\\/\\\/www.guayapi.com\\\/boutique\\\/produit\\\/moringa\\\/#primaryimage\"},\"thumbnailUrl\":\"https:\\\/\\\/www.guayapi.com\\\/boutique\\\/wp-content\\\/uploads\\\/2017\\\/11\\\/guayapi-moringa-e1666337942678.png\",\"datePublished\":\"2017-11-24T14:33:41+00:00\",\"dateModified\":\"2026-01-02T12:28:09+00:00\",\"breadcrumb\":{\"@id\":\"https:\\\/\\\/www.guayapi.com\\\/boutique\\\/produit\\\/moringa\\\/#breadcrumb\"},\"inLanguage\":\"fr-FR\",\"potentialAction\":[{\"@type\":\"ReadAction\",\"target\":[\"https:\\\/\\\/www.guayapi.com\\\/boutique\\\/produit\\\/moringa\\\/\"]}]},{\"@type\":\"ImageObject\",\"inLanguage\":\"fr-FR\",\"@id\":\"https:\\\/\\\/www.guayapi.com\\\/boutique\\\/produit\\\/moringa\\\/#primaryimage\",\"url\":\"https:\\\/\\\/www.guayapi.com\\\/boutique\\\/wp-content\\\/uploads\\\/2017\\\/11\\\/guayapi-moringa-e1666337942678.png\",\"contentUrl\":\"https:\\\/\\\/www.guayapi.com\\\/boutique\\\/wp-content\\\/uploads\\\/2017\\\/11\\\/guayapi-moringa-e1666337942678.png\",\"width\":194,\"height\":509},{\"@type\":\"BreadcrumbList\",\"@id\":\"https:\\\/\\\/www.guayapi.com\\\/boutique\\\/produit\\\/moringa\\\/#breadcrumb\",\"itemListElement\":[{\"@type\":\"ListItem\",\"position\":1,\"name\":\"Accueil\",\"item\":\"https:\\\/\\\/www.guayapi.com\\\/boutique\\\/\"},{\"@type\":\"ListItem\",\"position\":2,\"name\":\"Boutique\",\"item\":\"https:\\\/\\\/www.guayapi.com\\\/boutique\\\/\"},{\"@type\":\"ListItem\",\"position\":3,\"name\":\"Moringa\"}]},{\"@type\":\"WebSite\",\"@id\":\"https:\\\/\\\/www.guayapi.com\\\/boutique\\\/#website\",\"url\":\"https:\\\/\\\/www.guayapi.com\\\/boutique\\\/\",\"name\":\"Guayapi\",\"description\":\"Super-aliments \u2022 \u00c9picerie fine \u2022 Cosm\u00e9tiques\",\"potentialAction\":[{\"@type\":\"SearchAction\",\"target\":{\"@type\":\"EntryPoint\",\"urlTemplate\":\"https:\\\/\\\/www.guayapi.com\\\/boutique\\\/?s={search_term_string}\"},\"query-input\":{\"@type\":\"PropertyValueSpecification\",\"valueRequired\":true,\"valueName\":\"search_term_string\"}}],\"inLanguage\":\"fr-FR\"}]}<\/script>","yoast_head_json":{"title":"Moringa - Guayapi","robots":{"index":"index","follow":"follow","max-snippet":"max-snippet:-1","max-image-preview":"max-image-preview:large","max-video-preview":"max-video-preview:-1"},"canonical":"https:\/\/www.guayapi.com\/boutique\/produit\/moringa\/","og_locale":"fr_FR","og_type":"article","og_title":"Moringa - Guayapi","og_description":"(247,50\u20ac\/kg)","og_url":"https:\/\/www.guayapi.com\/boutique\/produit\/moringa\/","og_site_name":"Guayapi","article_modified_time":"2026-01-02T12:28:09+00:00","og_image":[{"width":194,"height":509,"url":"https:\/\/www.guayapi.com\/boutique\/wp-content\/uploads\/2017\/11\/guayapi-moringa-e1666337942678.png","type":"image\/png"}],"twitter_card":"summary_large_image","twitter_misc":{"Dur\u00e9e de lecture estim\u00e9e":"3 minutes"},"schema":{"@context":"https:\/\/schema.org","@graph":[{"@type":"WebPage","@id":"https:\/\/www.guayapi.com\/boutique\/produit\/moringa\/","url":"https:\/\/www.guayapi.com\/boutique\/produit\/moringa\/","name":"Moringa - Guayapi","isPartOf":{"@id":"https:\/\/www.guayapi.com\/boutique\/#website"},"primaryImageOfPage":{"@id":"https:\/\/www.guayapi.com\/boutique\/produit\/moringa\/#primaryimage"},"image":{"@id":"https:\/\/www.guayapi.com\/boutique\/produit\/moringa\/#primaryimage"},"thumbnailUrl":"https:\/\/www.guayapi.com\/boutique\/wp-content\/uploads\/2017\/11\/guayapi-moringa-e1666337942678.png","datePublished":"2017-11-24T14:33:41+00:00","dateModified":"2026-01-02T12:28:09+00:00","breadcrumb":{"@id":"https:\/\/www.guayapi.com\/boutique\/produit\/moringa\/#breadcrumb"},"inLanguage":"fr-FR","potentialAction":[{"@type":"ReadAction","target":["https:\/\/www.guayapi.com\/boutique\/produit\/moringa\/"]}]},{"@type":"ImageObject","inLanguage":"fr-FR","@id":"https:\/\/www.guayapi.com\/boutique\/produit\/moringa\/#primaryimage","url":"https:\/\/www.guayapi.com\/boutique\/wp-content\/uploads\/2017\/11\/guayapi-moringa-e1666337942678.png","contentUrl":"https:\/\/www.guayapi.com\/boutique\/wp-content\/uploads\/2017\/11\/guayapi-moringa-e1666337942678.png","width":194,"height":509},{"@type":"BreadcrumbList","@id":"https:\/\/www.guayapi.com\/boutique\/produit\/moringa\/#breadcrumb","itemListElement":[{"@type":"ListItem","position":1,"name":"Accueil","item":"https:\/\/www.guayapi.com\/boutique\/"},{"@type":"ListItem","position":2,"name":"Boutique","item":"https:\/\/www.guayapi.com\/boutique\/"},{"@type":"ListItem","position":3,"name":"Moringa"}]},{"@type":"WebSite","@id":"https:\/\/www.guayapi.com\/boutique\/#website","url":"https:\/\/www.guayapi.com\/boutique\/","name":"Guayapi","description":"Super-aliments \u2022 \u00c9picerie fine \u2022 Cosm\u00e9tiques","potentialAction":[{"@type":"SearchAction","target":{"@type":"EntryPoint","urlTemplate":"https:\/\/www.guayapi.com\/boutique\/?s={search_term_string}"},"query-input":{"@type":"PropertyValueSpecification","valueRequired":true,"valueName":"search_term_string"}}],"inLanguage":"fr-FR"}]}},"_links":{"self":[{"href":"https:\/\/www.guayapi.com\/boutique\/wp-json\/wp\/v2\/product\/4249","targetHints":{"allow":["GET"]}}],"collection":[{"href":"https:\/\/www.guayapi.com\/boutique\/wp-json\/wp\/v2\/product"}],"about":[{"href":"https:\/\/www.guayapi.com\/boutique\/wp-json\/wp\/v2\/types\/product"}],"wp:featuredmedia":[{"embeddable":true,"href":"https:\/\/www.guayapi.com\/boutique\/wp-json\/wp\/v2\/media\/38155"}],"wp:attachment":[{"href":"https:\/\/www.guayapi.com\/boutique\/wp-json\/wp\/v2\/media?parent=4249"}],"wp:term":[{"taxonomy":"product_brand","embeddable":true,"href":"https:\/\/www.guayapi.com\/boutique\/wp-json\/wp\/v2\/product_brand?post=4249"},{"taxonomy":"product_cat","embeddable":true,"href":"https:\/\/www.guayapi.com\/boutique\/wp-json\/wp\/v2\/product_cat?post=4249"},{"taxonomy":"product_tag","embeddable":true,"href":"https:\/\/www.guayapi.com\/boutique\/wp-json\/wp\/v2\/product_tag?post=4249"}],"curies":[{"name":"wp","href":"https:\/\/api.w.org\/{rel}","templated":true}]}}