{"id":45095,"date":"2022-11-24T16:28:54","date_gmt":"2022-11-24T15:28:54","guid":{"rendered":"https:\/\/www.guayapi.com\/boutique\/?post_type=product&#038;p=45095"},"modified":"2026-01-02T13:04:48","modified_gmt":"2026-01-02T12:04:48","slug":"mangue-sechee-bio","status":"publish","type":"product","link":"https:\/\/www.guayapi.com\/boutique\/produit\/mangue-sechee-bio\/","title":{"rendered":"Mangue S\u00e9ch\u00e9e Bio"},"content":{"rendered":"<p>Mangue s\u00e9ch\u00e9e bio du Sri Lanka certifi\u00e9e FGP (Forest Garden Products).<\/p>\n<p>D\u00e9claration nutritionnelle pour 100g : Energie 269 kcal\/1125 kJ; Lipides 0,9 g, dont acides gras satur\u00e9s 0,33 g; Glucides 62 g, dont sucres 56 g; Prot\u00e9ines 3,1 g; Sel 0,03 g.<\/p>\n","protected":false},"excerpt":{"rendered":"<p>(46\u20ac\/kg)<\/p>\n","protected":false},"featured_media":45096,"template":"","meta":{"_acf_changed":false},"product_brand":[],"product_cat":[9],"product_tag":[],"class_list":{"0":"post-45095","1":"product","2":"type-product","3":"status-publish","4":"has-post-thumbnail","6":"product_cat-epicerie-fine","8":"first","9":"outofstock","10":"taxable","11":"shipping-taxable","12":"purchasable","13":"product-type-simple"},"acf":[],"yoast_head":"<title>Mangue S\u00e9ch\u00e9e Bio - Guayapi<\/title>\n<meta name=\"robots\" content=\"index, follow, max-snippet:-1, max-image-preview:large, max-video-preview:-1\" \/>\n<link rel=\"canonical\" href=\"https:\/\/www.guayapi.com\/boutique\/produit\/mangue-sechee-bio\/\" \/>\n<meta property=\"og:locale\" content=\"fr_FR\" \/>\n<meta property=\"og:type\" content=\"article\" \/>\n<meta property=\"og:title\" content=\"Mangue S\u00e9ch\u00e9e Bio - Guayapi\" \/>\n<meta property=\"og:description\" content=\"(46\u20ac\/kg)\" \/>\n<meta property=\"og:url\" content=\"https:\/\/www.guayapi.com\/boutique\/produit\/mangue-sechee-bio\/\" \/>\n<meta property=\"og:site_name\" content=\"Guayapi\" \/>\n<meta property=\"article:modified_time\" content=\"2026-01-02T12:04:48+00:00\" \/>\n<meta property=\"og:image\" content=\"https:\/\/www.guayapi.com\/boutique\/wp-content\/uploads\/2022\/11\/21fe9d76-9aaa-4234-a02f-3fe9592ddb01-removebg-preview-e1669303726519.png\" \/>\n\t<meta property=\"og:image:width\" content=\"295\" \/>\n\t<meta property=\"og:image:height\" content=\"385\" \/>\n\t<meta property=\"og:image:type\" content=\"image\/png\" \/>\n<meta name=\"twitter:card\" content=\"summary_large_image\" \/>\n<meta name=\"twitter:label1\" content=\"Dur\u00e9e de lecture estim\u00e9e\" \/>\n\t<meta name=\"twitter:data1\" content=\"1 minute\" \/>\n<script type=\"application\/ld+json\" class=\"yoast-schema-graph\">{\"@context\":\"https:\\\/\\\/schema.org\",\"@graph\":[{\"@type\":\"WebPage\",\"@id\":\"https:\\\/\\\/www.guayapi.com\\\/boutique\\\/produit\\\/mangue-sechee-bio\\\/\",\"url\":\"https:\\\/\\\/www.guayapi.com\\\/boutique\\\/produit\\\/mangue-sechee-bio\\\/\",\"name\":\"Mangue S\u00e9ch\u00e9e Bio - Guayapi\",\"isPartOf\":{\"@id\":\"https:\\\/\\\/www.guayapi.com\\\/boutique\\\/#website\"},\"primaryImageOfPage\":{\"@id\":\"https:\\\/\\\/www.guayapi.com\\\/boutique\\\/produit\\\/mangue-sechee-bio\\\/#primaryimage\"},\"image\":{\"@id\":\"https:\\\/\\\/www.guayapi.com\\\/boutique\\\/produit\\\/mangue-sechee-bio\\\/#primaryimage\"},\"thumbnailUrl\":\"https:\\\/\\\/www.guayapi.com\\\/boutique\\\/wp-content\\\/uploads\\\/2022\\\/11\\\/21fe9d76-9aaa-4234-a02f-3fe9592ddb01-removebg-preview-e1669303726519.png\",\"datePublished\":\"2022-11-24T15:28:54+00:00\",\"dateModified\":\"2026-01-02T12:04:48+00:00\",\"breadcrumb\":{\"@id\":\"https:\\\/\\\/www.guayapi.com\\\/boutique\\\/produit\\\/mangue-sechee-bio\\\/#breadcrumb\"},\"inLanguage\":\"fr-FR\",\"potentialAction\":[{\"@type\":\"ReadAction\",\"target\":[\"https:\\\/\\\/www.guayapi.com\\\/boutique\\\/produit\\\/mangue-sechee-bio\\\/\"]}]},{\"@type\":\"ImageObject\",\"inLanguage\":\"fr-FR\",\"@id\":\"https:\\\/\\\/www.guayapi.com\\\/boutique\\\/produit\\\/mangue-sechee-bio\\\/#primaryimage\",\"url\":\"https:\\\/\\\/www.guayapi.com\\\/boutique\\\/wp-content\\\/uploads\\\/2022\\\/11\\\/21fe9d76-9aaa-4234-a02f-3fe9592ddb01-removebg-preview-e1669303726519.png\",\"contentUrl\":\"https:\\\/\\\/www.guayapi.com\\\/boutique\\\/wp-content\\\/uploads\\\/2022\\\/11\\\/21fe9d76-9aaa-4234-a02f-3fe9592ddb01-removebg-preview-e1669303726519.png\",\"width\":295,\"height\":385},{\"@type\":\"BreadcrumbList\",\"@id\":\"https:\\\/\\\/www.guayapi.com\\\/boutique\\\/produit\\\/mangue-sechee-bio\\\/#breadcrumb\",\"itemListElement\":[{\"@type\":\"ListItem\",\"position\":1,\"name\":\"Accueil\",\"item\":\"https:\\\/\\\/www.guayapi.com\\\/boutique\\\/\"},{\"@type\":\"ListItem\",\"position\":2,\"name\":\"Boutique\",\"item\":\"https:\\\/\\\/www.guayapi.com\\\/boutique\\\/\"},{\"@type\":\"ListItem\",\"position\":3,\"name\":\"Mangue S\u00e9ch\u00e9e Bio\"}]},{\"@type\":\"WebSite\",\"@id\":\"https:\\\/\\\/www.guayapi.com\\\/boutique\\\/#website\",\"url\":\"https:\\\/\\\/www.guayapi.com\\\/boutique\\\/\",\"name\":\"Guayapi\",\"description\":\"Super-aliments \u2022 \u00c9picerie fine \u2022 Cosm\u00e9tiques\",\"potentialAction\":[{\"@type\":\"SearchAction\",\"target\":{\"@type\":\"EntryPoint\",\"urlTemplate\":\"https:\\\/\\\/www.guayapi.com\\\/boutique\\\/?s={search_term_string}\"},\"query-input\":{\"@type\":\"PropertyValueSpecification\",\"valueRequired\":true,\"valueName\":\"search_term_string\"}}],\"inLanguage\":\"fr-FR\"}]}<\/script>","yoast_head_json":{"title":"Mangue S\u00e9ch\u00e9e Bio - Guayapi","robots":{"index":"index","follow":"follow","max-snippet":"max-snippet:-1","max-image-preview":"max-image-preview:large","max-video-preview":"max-video-preview:-1"},"canonical":"https:\/\/www.guayapi.com\/boutique\/produit\/mangue-sechee-bio\/","og_locale":"fr_FR","og_type":"article","og_title":"Mangue S\u00e9ch\u00e9e Bio - Guayapi","og_description":"(46\u20ac\/kg)","og_url":"https:\/\/www.guayapi.com\/boutique\/produit\/mangue-sechee-bio\/","og_site_name":"Guayapi","article_modified_time":"2026-01-02T12:04:48+00:00","og_image":[{"width":295,"height":385,"url":"https:\/\/www.guayapi.com\/boutique\/wp-content\/uploads\/2022\/11\/21fe9d76-9aaa-4234-a02f-3fe9592ddb01-removebg-preview-e1669303726519.png","type":"image\/png"}],"twitter_card":"summary_large_image","twitter_misc":{"Dur\u00e9e de lecture estim\u00e9e":"1 minute"},"schema":{"@context":"https:\/\/schema.org","@graph":[{"@type":"WebPage","@id":"https:\/\/www.guayapi.com\/boutique\/produit\/mangue-sechee-bio\/","url":"https:\/\/www.guayapi.com\/boutique\/produit\/mangue-sechee-bio\/","name":"Mangue S\u00e9ch\u00e9e Bio - Guayapi","isPartOf":{"@id":"https:\/\/www.guayapi.com\/boutique\/#website"},"primaryImageOfPage":{"@id":"https:\/\/www.guayapi.com\/boutique\/produit\/mangue-sechee-bio\/#primaryimage"},"image":{"@id":"https:\/\/www.guayapi.com\/boutique\/produit\/mangue-sechee-bio\/#primaryimage"},"thumbnailUrl":"https:\/\/www.guayapi.com\/boutique\/wp-content\/uploads\/2022\/11\/21fe9d76-9aaa-4234-a02f-3fe9592ddb01-removebg-preview-e1669303726519.png","datePublished":"2022-11-24T15:28:54+00:00","dateModified":"2026-01-02T12:04:48+00:00","breadcrumb":{"@id":"https:\/\/www.guayapi.com\/boutique\/produit\/mangue-sechee-bio\/#breadcrumb"},"inLanguage":"fr-FR","potentialAction":[{"@type":"ReadAction","target":["https:\/\/www.guayapi.com\/boutique\/produit\/mangue-sechee-bio\/"]}]},{"@type":"ImageObject","inLanguage":"fr-FR","@id":"https:\/\/www.guayapi.com\/boutique\/produit\/mangue-sechee-bio\/#primaryimage","url":"https:\/\/www.guayapi.com\/boutique\/wp-content\/uploads\/2022\/11\/21fe9d76-9aaa-4234-a02f-3fe9592ddb01-removebg-preview-e1669303726519.png","contentUrl":"https:\/\/www.guayapi.com\/boutique\/wp-content\/uploads\/2022\/11\/21fe9d76-9aaa-4234-a02f-3fe9592ddb01-removebg-preview-e1669303726519.png","width":295,"height":385},{"@type":"BreadcrumbList","@id":"https:\/\/www.guayapi.com\/boutique\/produit\/mangue-sechee-bio\/#breadcrumb","itemListElement":[{"@type":"ListItem","position":1,"name":"Accueil","item":"https:\/\/www.guayapi.com\/boutique\/"},{"@type":"ListItem","position":2,"name":"Boutique","item":"https:\/\/www.guayapi.com\/boutique\/"},{"@type":"ListItem","position":3,"name":"Mangue S\u00e9ch\u00e9e Bio"}]},{"@type":"WebSite","@id":"https:\/\/www.guayapi.com\/boutique\/#website","url":"https:\/\/www.guayapi.com\/boutique\/","name":"Guayapi","description":"Super-aliments \u2022 \u00c9picerie fine \u2022 Cosm\u00e9tiques","potentialAction":[{"@type":"SearchAction","target":{"@type":"EntryPoint","urlTemplate":"https:\/\/www.guayapi.com\/boutique\/?s={search_term_string}"},"query-input":{"@type":"PropertyValueSpecification","valueRequired":true,"valueName":"search_term_string"}}],"inLanguage":"fr-FR"}]}},"_links":{"self":[{"href":"https:\/\/www.guayapi.com\/boutique\/wp-json\/wp\/v2\/product\/45095","targetHints":{"allow":["GET"]}}],"collection":[{"href":"https:\/\/www.guayapi.com\/boutique\/wp-json\/wp\/v2\/product"}],"about":[{"href":"https:\/\/www.guayapi.com\/boutique\/wp-json\/wp\/v2\/types\/product"}],"wp:featuredmedia":[{"embeddable":true,"href":"https:\/\/www.guayapi.com\/boutique\/wp-json\/wp\/v2\/media\/45096"}],"wp:attachment":[{"href":"https:\/\/www.guayapi.com\/boutique\/wp-json\/wp\/v2\/media?parent=45095"}],"wp:term":[{"taxonomy":"product_brand","embeddable":true,"href":"https:\/\/www.guayapi.com\/boutique\/wp-json\/wp\/v2\/product_brand?post=45095"},{"taxonomy":"product_cat","embeddable":true,"href":"https:\/\/www.guayapi.com\/boutique\/wp-json\/wp\/v2\/product_cat?post=45095"},{"taxonomy":"product_tag","embeddable":true,"href":"https:\/\/www.guayapi.com\/boutique\/wp-json\/wp\/v2\/product_tag?post=45095"}],"curies":[{"name":"wp","href":"https:\/\/api.w.org\/{rel}","templated":true}]}}