{"id":47917,"date":"2023-12-12T16:40:33","date_gmt":"2023-12-12T15:40:33","guid":{"rendered":"https:\/\/www.guayapi.com\/boutique\/?post_type=product&#038;p=47917"},"modified":"2026-04-07T15:31:20","modified_gmt":"2026-04-07T13:31:20","slug":"ma-poudre-merveilleuse-de-potimarron","status":"publish","type":"product","link":"https:\/\/www.guayapi.com\/boutique\/produit\/ma-poudre-merveilleuse-de-potimarron\/","title":{"rendered":"Ma poudre merveilleuse de potimarron"},"content":{"rendered":"<p><strong>Le\u00a0potimarron fait son entr\u00e9e dans le monde des poudres alimentaires.<\/strong><\/p>\n<p>Riche en vitamines B5, B6, B9 et en om\u00e9gas 3-6, elle est \u00e9galement source de vitamines A, B1, B3 et B8 gr\u00e2ce\u00a0\u00e0 un\u00a0 proc\u00e9d\u00e9 de fabrication innovant qui\u00a0garde les propri\u00e9t\u00e9s d\u2019un aliment CRU.<\/p>\n<p>Les vitamines A, B3 et B8 contribuent au maintien d\u2019une peau et d&rsquo;une vision \u00e9quilibr\u00e9es.<\/p>\n<p>Les vitamines B5, B6, B9 stimulent le syst\u00e8me immunitaire et le m\u00e9tabolisme \u00e9nerg\u00e9tique.<\/p>\n<p>La vitamine B1 et les om\u00e9gas 3-6 participent au bon fonctionnement de votre syst\u00e8me cardio-vasculaire.<\/p>\n<p>&nbsp;<\/p>\n<p>Son go\u00fbt d\u00e9licat fera de MA POUDRE MERVEILLEUSE votre condiment pr\u00e9f\u00e9r\u00e9 et sa couleur jaune d\u2019or ajoutera une touche de joie \u00e0 tous vos plats !<\/p>\n<p><strong>Un partenariat vertueux avec Pump&rsquo;Skin !<\/strong><\/p>\n<p>Nous sommes fiers de notre partenariat avec <a href=\"https:\/\/www.pumpskin.fr\/\" target=\"_blank\" rel=\"noopener\">Pump&rsquo;Skin<\/a>, la 1\u00e8re gamme de cosm\u00e9tiques bio au potimarron cr\u00e9\u00e9e par deux sp\u00e9cialistes de la sant\u00e9 et de l&rsquo;agriculture bio et notre amie Dr Dominique Eraud.<\/p>\n<p>&nbsp;<\/p>\n<p><strong>Comment l\u2019utiliser ?<\/strong><\/p>\n<p>Saupoudr\u00e9e sur une salade, sur une compote de pommes ou dans un smoothie : laissez aller votre imagination et cr\u00e9ez vos plats customis\u00e9s avec MA POUDRE MERVEILLEUSE !<\/p>\n<p>1 cuill\u00e8re dose\u00a0pour sublimer vos plats et votre \u00e9quilibre.<\/p>\n<p>Comme tout compl\u00e9ment alimentaire, elle est d&rsquo;autant plus efficace qu&rsquo;elle est utilis\u00e9e en cure.<\/p>\n<p>Nous vous conseillons ce superaliment en cure de 3 mois, ce qui repr\u00e9sente 2 jolis pots. <span style=\"font-family: georgia, palatino, serif\">Pour une\u00a0<strong>beaut\u00e9 In and Out<\/strong>, l&rsquo;associer d\u00e9licieusement avec nos cosm\u00e9tiques.<\/span><\/p>\n<p>INFORMATION NUTRITIONNELLE POUR 100 GRAMMES:<\/p>\n<p>Valeur \u00e9nerg\u00e9tique:<\/p>\n<p>334 KCAL<\/p>\n<p>1395 KJ<\/p>\n<p>9,9 g de lipides dont 1,84 g d&rsquo;acides gras satur\u00e9s<\/p>\n<p>35,2 g de glucides dont 16,1 g de sucres<\/p>\n<p>26,2 g de fibres alimentaires<\/p>\n<p>13 g de prot\u00e9ines<\/p>\n<p>0,013 g de sel<\/p>\n<p>1388 \u00b5g de vitamine A ( 173,5% Des VNR)<\/p>\n<p>0,5 mg de vitamine B6<\/p>\n<p>(35,7% Des VNR*)<\/p>\n<p>5,2 mg de vitamine B5 ( Acide Pantoth\u00e9nique) (86,7% Des VNR*)<\/p>\n<p>200 \u00b5g de vitamine B9 (Acide Folique) (100% Des VNR*).<\/p>\n<p>&nbsp;<\/p>\n<p>INFORMATION NUTRITIONNELE PAR PORTION DE 2 g ( soit 1 \u00e0 2 cuill\u00e8re \u00e0 caf\u00e9 )<\/p>\n<p>6,68 KCAL<\/p>\n<p>27,9 KJ<\/p>\n<p>0,2 g de lipides, dont 0,04 g d&rsquo;acide gras satur\u00e9s, 0,7 g de glucides dont 0,32 g de sucres<\/p>\n<p>0,52 g de fibres alimentaires<\/p>\n<p>0,26 g de prot\u00e9ines<\/p>\n<p>0 G de sel<\/p>\n<p>27,76 \u00b5g de vitamine (3,5% des VNR*)<\/p>\n<p>0,01 mg de vitamine B6 (1% des VNR*)<\/p>\n<p>0,1 mg de vitamine B5 (acide pantoth\u00e9nique) (1,7% des VNR*) 4 \u00b5g de vitamine B9 (acide folique )<\/p>\n<p>( 2% des VNR*)<\/p>\n<p>*VNR\/ Valeurs Nutritionnelle de R\u00e9f\u00e9rence<\/p>\n<p>&nbsp;<\/p>\n<p><span style=\"font-size: 8pt\"><em>COMPL\u00c9MENT ALIMENTAIRE NATUREL, TENIR HORS DE PORT\u00c9E DES JEUNES ENFANTS. NE PEUT SUBSTITUER A UN R\u00c9GIME ALIMENTAIRE VARI\u00c9, NI \u00c0 UN MODE DE VIE SAIN.<\/em><\/span><\/p>\n<p><span style=\"font-size: 8pt\"><em>\u00c0 CONCERVER DANS UN ENDROIT SEC.\u00a0<\/em><\/span><\/p>\n<p><em><span style=\"font-size: 8pt\">\u00c0 CONSOMMER DE PR\u00c9F\u00c9RENCE AVANT FIN : VOIR AU FOND DE LA BOITE<\/span>\u00a0<\/em><\/p>\n<p>&nbsp;<\/p>\n<p>&nbsp;<\/p>\n","protected":false},"excerpt":{"rendered":"<p>Certifi\u00e9 Agriculture Biologique<\/p>\n<p>100 % du total est d\u2019origine naturelle.<\/p>\n<p>100 % du total de l&rsquo;ingr\u00e9dient est issu\u00a0de l\u2019agriculture biologique.<\/p>\n<p>(980.00\u20ac\/kg)<\/p>\n","protected":false},"featured_media":47919,"template":"","meta":{"_acf_changed":false},"product_brand":[],"product_cat":[7],"product_tag":[],"class_list":{"0":"post-47917","1":"product","2":"type-product","3":"status-publish","4":"has-post-thumbnail","6":"product_cat-super-aliments","8":"first","9":"instock","10":"taxable","11":"shipping-taxable","12":"purchasable","13":"product-type-simple"},"acf":[],"yoast_head":"<title>Ma poudre merveilleuse de potimarron - Guayapi<\/title>\n<meta name=\"robots\" content=\"index, follow, max-snippet:-1, max-image-preview:large, max-video-preview:-1\" \/>\n<link rel=\"canonical\" href=\"https:\/\/www.guayapi.com\/boutique\/produit\/ma-poudre-merveilleuse-de-potimarron\/\" \/>\n<meta property=\"og:locale\" content=\"fr_FR\" \/>\n<meta property=\"og:type\" content=\"article\" \/>\n<meta property=\"og:title\" content=\"Ma poudre merveilleuse de potimarron - Guayapi\" \/>\n<meta property=\"og:description\" content=\"Certifi\u00e9 Agriculture Biologique  100 % du total est d\u2019origine naturelle.  100 % du total de l&#039;ingr\u00e9dient est issu\u00a0de l\u2019agriculture biologique.  (980.00\u20ac\/kg)\" \/>\n<meta property=\"og:url\" content=\"https:\/\/www.guayapi.com\/boutique\/produit\/ma-poudre-merveilleuse-de-potimarron\/\" \/>\n<meta property=\"og:site_name\" content=\"Guayapi\" \/>\n<meta property=\"article:modified_time\" content=\"2026-04-07T13:31:20+00:00\" \/>\n<meta property=\"og:image\" content=\"https:\/\/www.guayapi.com\/boutique\/wp-content\/uploads\/2023\/12\/image-1-removebg-preview.png\" \/>\n\t<meta property=\"og:image:width\" content=\"440\" \/>\n\t<meta property=\"og:image:height\" content=\"485\" \/>\n\t<meta property=\"og:image:type\" content=\"image\/png\" \/>\n<meta name=\"twitter:card\" content=\"summary_large_image\" \/>\n<meta name=\"twitter:label1\" content=\"Dur\u00e9e de lecture estim\u00e9e\" \/>\n\t<meta name=\"twitter:data1\" content=\"3 minutes\" \/>\n<script type=\"application\/ld+json\" class=\"yoast-schema-graph\">{\"@context\":\"https:\\\/\\\/schema.org\",\"@graph\":[{\"@type\":\"WebPage\",\"@id\":\"https:\\\/\\\/www.guayapi.com\\\/boutique\\\/produit\\\/ma-poudre-merveilleuse-de-potimarron\\\/\",\"url\":\"https:\\\/\\\/www.guayapi.com\\\/boutique\\\/produit\\\/ma-poudre-merveilleuse-de-potimarron\\\/\",\"name\":\"Ma poudre merveilleuse de potimarron - Guayapi\",\"isPartOf\":{\"@id\":\"https:\\\/\\\/www.guayapi.com\\\/boutique\\\/#website\"},\"primaryImageOfPage\":{\"@id\":\"https:\\\/\\\/www.guayapi.com\\\/boutique\\\/produit\\\/ma-poudre-merveilleuse-de-potimarron\\\/#primaryimage\"},\"image\":{\"@id\":\"https:\\\/\\\/www.guayapi.com\\\/boutique\\\/produit\\\/ma-poudre-merveilleuse-de-potimarron\\\/#primaryimage\"},\"thumbnailUrl\":\"https:\\\/\\\/www.guayapi.com\\\/boutique\\\/wp-content\\\/uploads\\\/2023\\\/12\\\/image-1-removebg-preview.png\",\"datePublished\":\"2023-12-12T15:40:33+00:00\",\"dateModified\":\"2026-04-07T13:31:20+00:00\",\"breadcrumb\":{\"@id\":\"https:\\\/\\\/www.guayapi.com\\\/boutique\\\/produit\\\/ma-poudre-merveilleuse-de-potimarron\\\/#breadcrumb\"},\"inLanguage\":\"fr-FR\",\"potentialAction\":[{\"@type\":\"ReadAction\",\"target\":[\"https:\\\/\\\/www.guayapi.com\\\/boutique\\\/produit\\\/ma-poudre-merveilleuse-de-potimarron\\\/\"]}]},{\"@type\":\"ImageObject\",\"inLanguage\":\"fr-FR\",\"@id\":\"https:\\\/\\\/www.guayapi.com\\\/boutique\\\/produit\\\/ma-poudre-merveilleuse-de-potimarron\\\/#primaryimage\",\"url\":\"https:\\\/\\\/www.guayapi.com\\\/boutique\\\/wp-content\\\/uploads\\\/2023\\\/12\\\/image-1-removebg-preview.png\",\"contentUrl\":\"https:\\\/\\\/www.guayapi.com\\\/boutique\\\/wp-content\\\/uploads\\\/2023\\\/12\\\/image-1-removebg-preview.png\",\"width\":440,\"height\":485},{\"@type\":\"BreadcrumbList\",\"@id\":\"https:\\\/\\\/www.guayapi.com\\\/boutique\\\/produit\\\/ma-poudre-merveilleuse-de-potimarron\\\/#breadcrumb\",\"itemListElement\":[{\"@type\":\"ListItem\",\"position\":1,\"name\":\"Accueil\",\"item\":\"https:\\\/\\\/www.guayapi.com\\\/boutique\\\/\"},{\"@type\":\"ListItem\",\"position\":2,\"name\":\"Boutique\",\"item\":\"https:\\\/\\\/www.guayapi.com\\\/boutique\\\/\"},{\"@type\":\"ListItem\",\"position\":3,\"name\":\"Ma poudre merveilleuse de potimarron\"}]},{\"@type\":\"WebSite\",\"@id\":\"https:\\\/\\\/www.guayapi.com\\\/boutique\\\/#website\",\"url\":\"https:\\\/\\\/www.guayapi.com\\\/boutique\\\/\",\"name\":\"Guayapi\",\"description\":\"Super-aliments \u2022 \u00c9picerie fine \u2022 Cosm\u00e9tiques\",\"potentialAction\":[{\"@type\":\"SearchAction\",\"target\":{\"@type\":\"EntryPoint\",\"urlTemplate\":\"https:\\\/\\\/www.guayapi.com\\\/boutique\\\/?s={search_term_string}\"},\"query-input\":{\"@type\":\"PropertyValueSpecification\",\"valueRequired\":true,\"valueName\":\"search_term_string\"}}],\"inLanguage\":\"fr-FR\"}]}<\/script>","yoast_head_json":{"title":"Ma poudre merveilleuse de potimarron - Guayapi","robots":{"index":"index","follow":"follow","max-snippet":"max-snippet:-1","max-image-preview":"max-image-preview:large","max-video-preview":"max-video-preview:-1"},"canonical":"https:\/\/www.guayapi.com\/boutique\/produit\/ma-poudre-merveilleuse-de-potimarron\/","og_locale":"fr_FR","og_type":"article","og_title":"Ma poudre merveilleuse de potimarron - Guayapi","og_description":"Certifi\u00e9 Agriculture Biologique  100 % du total est d\u2019origine naturelle.  100 % du total de l'ingr\u00e9dient est issu\u00a0de l\u2019agriculture biologique.  (980.00\u20ac\/kg)","og_url":"https:\/\/www.guayapi.com\/boutique\/produit\/ma-poudre-merveilleuse-de-potimarron\/","og_site_name":"Guayapi","article_modified_time":"2026-04-07T13:31:20+00:00","og_image":[{"width":440,"height":485,"url":"https:\/\/www.guayapi.com\/boutique\/wp-content\/uploads\/2023\/12\/image-1-removebg-preview.png","type":"image\/png"}],"twitter_card":"summary_large_image","twitter_misc":{"Dur\u00e9e de lecture estim\u00e9e":"3 minutes"},"schema":{"@context":"https:\/\/schema.org","@graph":[{"@type":"WebPage","@id":"https:\/\/www.guayapi.com\/boutique\/produit\/ma-poudre-merveilleuse-de-potimarron\/","url":"https:\/\/www.guayapi.com\/boutique\/produit\/ma-poudre-merveilleuse-de-potimarron\/","name":"Ma poudre merveilleuse de potimarron - Guayapi","isPartOf":{"@id":"https:\/\/www.guayapi.com\/boutique\/#website"},"primaryImageOfPage":{"@id":"https:\/\/www.guayapi.com\/boutique\/produit\/ma-poudre-merveilleuse-de-potimarron\/#primaryimage"},"image":{"@id":"https:\/\/www.guayapi.com\/boutique\/produit\/ma-poudre-merveilleuse-de-potimarron\/#primaryimage"},"thumbnailUrl":"https:\/\/www.guayapi.com\/boutique\/wp-content\/uploads\/2023\/12\/image-1-removebg-preview.png","datePublished":"2023-12-12T15:40:33+00:00","dateModified":"2026-04-07T13:31:20+00:00","breadcrumb":{"@id":"https:\/\/www.guayapi.com\/boutique\/produit\/ma-poudre-merveilleuse-de-potimarron\/#breadcrumb"},"inLanguage":"fr-FR","potentialAction":[{"@type":"ReadAction","target":["https:\/\/www.guayapi.com\/boutique\/produit\/ma-poudre-merveilleuse-de-potimarron\/"]}]},{"@type":"ImageObject","inLanguage":"fr-FR","@id":"https:\/\/www.guayapi.com\/boutique\/produit\/ma-poudre-merveilleuse-de-potimarron\/#primaryimage","url":"https:\/\/www.guayapi.com\/boutique\/wp-content\/uploads\/2023\/12\/image-1-removebg-preview.png","contentUrl":"https:\/\/www.guayapi.com\/boutique\/wp-content\/uploads\/2023\/12\/image-1-removebg-preview.png","width":440,"height":485},{"@type":"BreadcrumbList","@id":"https:\/\/www.guayapi.com\/boutique\/produit\/ma-poudre-merveilleuse-de-potimarron\/#breadcrumb","itemListElement":[{"@type":"ListItem","position":1,"name":"Accueil","item":"https:\/\/www.guayapi.com\/boutique\/"},{"@type":"ListItem","position":2,"name":"Boutique","item":"https:\/\/www.guayapi.com\/boutique\/"},{"@type":"ListItem","position":3,"name":"Ma poudre merveilleuse de potimarron"}]},{"@type":"WebSite","@id":"https:\/\/www.guayapi.com\/boutique\/#website","url":"https:\/\/www.guayapi.com\/boutique\/","name":"Guayapi","description":"Super-aliments \u2022 \u00c9picerie fine \u2022 Cosm\u00e9tiques","potentialAction":[{"@type":"SearchAction","target":{"@type":"EntryPoint","urlTemplate":"https:\/\/www.guayapi.com\/boutique\/?s={search_term_string}"},"query-input":{"@type":"PropertyValueSpecification","valueRequired":true,"valueName":"search_term_string"}}],"inLanguage":"fr-FR"}]}},"_links":{"self":[{"href":"https:\/\/www.guayapi.com\/boutique\/wp-json\/wp\/v2\/product\/47917","targetHints":{"allow":["GET"]}}],"collection":[{"href":"https:\/\/www.guayapi.com\/boutique\/wp-json\/wp\/v2\/product"}],"about":[{"href":"https:\/\/www.guayapi.com\/boutique\/wp-json\/wp\/v2\/types\/product"}],"wp:featuredmedia":[{"embeddable":true,"href":"https:\/\/www.guayapi.com\/boutique\/wp-json\/wp\/v2\/media\/47919"}],"wp:attachment":[{"href":"https:\/\/www.guayapi.com\/boutique\/wp-json\/wp\/v2\/media?parent=47917"}],"wp:term":[{"taxonomy":"product_brand","embeddable":true,"href":"https:\/\/www.guayapi.com\/boutique\/wp-json\/wp\/v2\/product_brand?post=47917"},{"taxonomy":"product_cat","embeddable":true,"href":"https:\/\/www.guayapi.com\/boutique\/wp-json\/wp\/v2\/product_cat?post=47917"},{"taxonomy":"product_tag","embeddable":true,"href":"https:\/\/www.guayapi.com\/boutique\/wp-json\/wp\/v2\/product_tag?post=47917"}],"curies":[{"name":"wp","href":"https:\/\/api.w.org\/{rel}","templated":true}]}}