{"id":50945,"date":"2026-03-04T15:30:57","date_gmt":"2026-03-04T14:30:57","guid":{"rendered":"https:\/\/www.guayapi.com\/boutique\/?post_type=product&#038;p=50945"},"modified":"2026-03-11T18:19:00","modified_gmt":"2026-03-11T17:19:00","slug":"boost-damazonie","status":"publish","type":"product","link":"https:\/\/www.guayapi.com\/boutique\/produit\/boost-damazonie\/","title":{"rendered":"Boost d&rsquo;Amazonie"},"content":{"rendered":"<p>Le <strong>Boost d&rsquo;Amazonie<\/strong> Guayapi est une synergie unique de <strong>Waran\u00e0<\/strong>, <strong>puissant dynamisant physique et intellectuel non excitant<\/strong>, et le <strong>Camu-Camu<\/strong>, <strong>plante la plus riche en vitamine C au monde<\/strong>, en comprim\u00e9s \u00e0 croquer !<\/p>\n<p>La combinaison des principes dynamisants du Waran\u00e0 et des bienfaits antioxydants du Camu-Camu procurent \u00e9nergie, bien-\u00eatre et vitalit\u00e9 tout au long de la journ\u00e9e.<\/p>\n<p><a href=\"https:\/\/www.guayapi.com\/wp-content\/uploads\/2026\/02\/guayapi-cp-boost-damazonie.pdf\" target=\"_blank\" rel=\"noopener\">Fiche produit Boost d&rsquo;Amazonie<\/a><\/p>\n<p>Origine\u00a0: <strong>Amazonie du Br\u00e9sil et du P\u00e9rou<\/strong>.<\/p>\n<p>Leur origine est garantie et prot\u00e9g\u00e9e, elles sont <strong>certifi\u00e9es bio et \u00e9quitables<\/strong> et sont consid\u00e9r\u00e9es comme des super food. <strong>En comprim\u00e9s de poudre, elles sont imm\u00e9diatement assimil\u00e9es par le corps. <\/strong><\/p>\n<p><strong>Le Warana<\/strong> est une source de guaranine et de composants min\u00e9raux, tanniques et vitaminiques.<\/p>\n<p>Ce dynamisant de renom, sur les plans physiques comme intellectuel, offre une \u00e9nergie imm\u00e9diate sans provoquer d\u2019effet excitant. Il respecte subtilement les cycles de l\u2019organisme sans g\u00e9n\u00e9rer de troubles, ni d\u2019effets d\u2019\u00e9nervement ou d\u2019excitation.<\/p>\n<p>Le <strong>Camu-Camu<\/strong> vient d\u2019un petit arbre qui donne des fruits de couleur rouge-orang\u00e9e au go\u00fbt acidul\u00e9. Il s\u2019agit d\u2019une des meilleures sources naturelles de vitamine C (deux fois plus que l\u2019ac\u00e9rola et 50 fois plus que l\u2019orange\u00a0!). En poudre il en referme environ 10g pour 100g.<\/p>\n<p>Gr\u00e2ce \u00e0 sa vitamine C, le Camu-Camu est antioxydant, tonifiant et contribue aux fonctions normales de syst\u00e8me immunitaire.<\/p>\n<p><iframe title=\"\ud83e\udd9cLancement du Boost d\u2019Amazonie\u2728 #guayapi #boost #amazonie #bio\" width=\"422\" height=\"750\" src=\"https:\/\/www.youtube-nocookie.com\/embed\/zfB5KEcrbv4?feature=oembed\" frameborder=\"0\" allow=\"accelerometer; autoplay; clipboard-write; encrypted-media; gyroscope; picture-in-picture; web-share\" referrerpolicy=\"strict-origin-when-cross-origin\" allowfullscreen><\/iframe><\/p>\n<p>Article sur le Boost d&rsquo;Amazonie dans Voici : <a href=\"https:\/\/www.guayapi.com\/guayapi-dans-voici\/\" target=\"_blank\" rel=\"noopener\">https:\/\/www.guayapi.com\/guayapi-dans-voici\/<\/a><\/p>\n<p>Article sur le Boost d&rsquo;Amazonie dans C\u00f4t\u00e9 Sant\u00e9 : <a href=\"https:\/\/www.guayapi.com\/le-guarana-un-superaliment-dexception\/\" target=\"_blank\" rel=\"noopener\">https:\/\/www.guayapi.com\/le-guarana-un-superaliment-dexception\/<\/a><\/p>\n","protected":false},"excerpt":{"rendered":"<p><strong>Boost d\u2019amazonie bio\u00a0: <\/strong><\/p>\n<p><em>8<\/em><em>0 tablettes de 840 mg chacune \u2013 composition\u00a0: poudre de Warana bio et FGP (Paullina Cupana Var. Sorbilis), Camu-Camu bio (myrciaria dubia), farine de coco bio (cocos nucifera)\u00a0; anti-agglom\u00e9rant ; gomme d\u2019acacia bio. <strong>Toutes nos poudres de plantes sont 100% pures <\/strong><\/em><\/p>\n<p><em>Chaque comprim\u00e9 contient au minimum<strong> 195 mg de Warana et 195 mg de Camu-Camu.<\/strong><\/em><\/p>\n<p><strong><u>Conseil d\u2019utilisation\u00a0: <\/u><\/strong><\/p>\n<p><strong>Croquez 2 \u00e0 3 comprim\u00e9s par jour.<\/strong> Par p\u00e9riode de 2 ou 3 semaines \u00e0 renouveler, ou ponctuellement.<\/p>\n<p><em>COMPL\u00c9MENT ALIMENTAIRE. TENIR HORS DE PORT\u00c9E DES JEUNES ENFANTS. NE PEUT SE SUBSTITUER \u00c0 UN R\u00c9GIME ALIMENTAIRE VARI\u00c9, NI \u00c0 UN MODE DE VIE SAIN. \u00c0 CONSOMMER DE PR\u00c9F\u00c9RENCE AVANT FIN : VOIR AU FOND DE LA BO\u00ceTE.<\/em><\/p>\n<p>Bo\u00eete de 80 tablettes \u2013 28\u20ac soit 416,67\u20ac \/ kg<\/p>\n","protected":false},"featured_media":50946,"template":"","meta":{"_acf_changed":false},"product_brand":[],"product_cat":[7],"product_tag":[47,280],"class_list":{"0":"post-50945","1":"product","2":"type-product","3":"status-publish","4":"has-post-thumbnail","6":"product_cat-super-aliments","7":"product_tag-tonus-energie","8":"product_tag-vitamine-c-antioxydants","10":"first","11":"instock","12":"sale","13":"taxable","14":"shipping-taxable","15":"purchasable","16":"product-type-simple"},"acf":[],"yoast_head":"<title>Boost d&#039;Amazonie - Guayapi<\/title>\n<meta name=\"robots\" content=\"index, follow, max-snippet:-1, max-image-preview:large, max-video-preview:-1\" \/>\n<link rel=\"canonical\" href=\"https:\/\/www.guayapi.com\/boutique\/produit\/boost-damazonie\/\" \/>\n<meta property=\"og:locale\" content=\"fr_FR\" \/>\n<meta property=\"og:type\" content=\"article\" \/>\n<meta property=\"og:title\" content=\"Boost d&#039;Amazonie - Guayapi\" \/>\n<meta property=\"og:description\" content=\"Boost d\u2019amazonie bio\u00a0:   80 tablettes de 840 mg chacune \u2013 composition\u00a0: poudre de Warana bio et FGP (Paullina Cupana Var. Sorbilis), Camu-Camu bio (myrciaria dubia), farine de coco bio (cocos nucifera)\u00a0; anti-agglom\u00e9rant ; gomme d\u2019acacia bio. Toutes nos poudres de plantes sont 100% pures   Chaque comprim\u00e9 contient au minimum 195 mg de Warana et 195 mg de Camu-Camu.  Conseil d\u2019utilisation\u00a0:   Croquez 2 \u00e0 3 comprim\u00e9s par jour. Par p\u00e9riode de 2 ou 3 semaines \u00e0 renouveler, ou ponctuellement.  COMPL\u00c9MENT ALIMENTAIRE. TENIR HORS DE PORT\u00c9E DES JEUNES ENFANTS. NE PEUT SE SUBSTITUER \u00c0 UN R\u00c9GIME ALIMENTAIRE VARI\u00c9, NI \u00c0 UN MODE DE VIE SAIN. \u00c0 CONSOMMER DE PR\u00c9F\u00c9RENCE AVANT FIN : VOIR AU FOND DE LA BO\u00ceTE.  Bo\u00eete de 80 tablettes \u2013 28\u20ac soit 416,67\u20ac \/ kg\" \/>\n<meta property=\"og:url\" content=\"https:\/\/www.guayapi.com\/boutique\/produit\/boost-damazonie\/\" \/>\n<meta property=\"og:site_name\" content=\"Guayapi\" \/>\n<meta property=\"article:modified_time\" content=\"2026-03-11T17:19:00+00:00\" \/>\n<meta property=\"og:image\" content=\"https:\/\/www.guayapi.com\/boutique\/wp-content\/uploads\/2026\/02\/guayapi-boost-65g-removebg-preview.png\" \/>\n\t<meta property=\"og:image:width\" content=\"362\" \/>\n\t<meta property=\"og:image:height\" content=\"690\" \/>\n\t<meta property=\"og:image:type\" content=\"image\/png\" \/>\n<meta name=\"twitter:card\" content=\"summary_large_image\" \/>\n<meta name=\"twitter:label1\" content=\"Dur\u00e9e de lecture estim\u00e9e\" \/>\n\t<meta name=\"twitter:data1\" content=\"2 minutes\" \/>\n<script type=\"application\/ld+json\" class=\"yoast-schema-graph\">{\"@context\":\"https:\\\/\\\/schema.org\",\"@graph\":[{\"@type\":\"WebPage\",\"@id\":\"https:\\\/\\\/www.guayapi.com\\\/boutique\\\/produit\\\/boost-damazonie\\\/\",\"url\":\"https:\\\/\\\/www.guayapi.com\\\/boutique\\\/produit\\\/boost-damazonie\\\/\",\"name\":\"Boost d'Amazonie - Guayapi\",\"isPartOf\":{\"@id\":\"https:\\\/\\\/www.guayapi.com\\\/boutique\\\/#website\"},\"primaryImageOfPage\":{\"@id\":\"https:\\\/\\\/www.guayapi.com\\\/boutique\\\/produit\\\/boost-damazonie\\\/#primaryimage\"},\"image\":{\"@id\":\"https:\\\/\\\/www.guayapi.com\\\/boutique\\\/produit\\\/boost-damazonie\\\/#primaryimage\"},\"thumbnailUrl\":\"https:\\\/\\\/www.guayapi.com\\\/boutique\\\/wp-content\\\/uploads\\\/2026\\\/02\\\/guayapi-boost-65g-removebg-preview.png\",\"datePublished\":\"2026-03-04T14:30:57+00:00\",\"dateModified\":\"2026-03-11T17:19:00+00:00\",\"breadcrumb\":{\"@id\":\"https:\\\/\\\/www.guayapi.com\\\/boutique\\\/produit\\\/boost-damazonie\\\/#breadcrumb\"},\"inLanguage\":\"fr-FR\",\"potentialAction\":[{\"@type\":\"ReadAction\",\"target\":[\"https:\\\/\\\/www.guayapi.com\\\/boutique\\\/produit\\\/boost-damazonie\\\/\"]}]},{\"@type\":\"ImageObject\",\"inLanguage\":\"fr-FR\",\"@id\":\"https:\\\/\\\/www.guayapi.com\\\/boutique\\\/produit\\\/boost-damazonie\\\/#primaryimage\",\"url\":\"https:\\\/\\\/www.guayapi.com\\\/boutique\\\/wp-content\\\/uploads\\\/2026\\\/02\\\/guayapi-boost-65g-removebg-preview.png\",\"contentUrl\":\"https:\\\/\\\/www.guayapi.com\\\/boutique\\\/wp-content\\\/uploads\\\/2026\\\/02\\\/guayapi-boost-65g-removebg-preview.png\",\"width\":362,\"height\":690},{\"@type\":\"BreadcrumbList\",\"@id\":\"https:\\\/\\\/www.guayapi.com\\\/boutique\\\/produit\\\/boost-damazonie\\\/#breadcrumb\",\"itemListElement\":[{\"@type\":\"ListItem\",\"position\":1,\"name\":\"Accueil\",\"item\":\"https:\\\/\\\/www.guayapi.com\\\/boutique\\\/\"},{\"@type\":\"ListItem\",\"position\":2,\"name\":\"Boutique\",\"item\":\"https:\\\/\\\/www.guayapi.com\\\/boutique\\\/\"},{\"@type\":\"ListItem\",\"position\":3,\"name\":\"Boost d&rsquo;Amazonie\"}]},{\"@type\":\"WebSite\",\"@id\":\"https:\\\/\\\/www.guayapi.com\\\/boutique\\\/#website\",\"url\":\"https:\\\/\\\/www.guayapi.com\\\/boutique\\\/\",\"name\":\"Guayapi\",\"description\":\"Super-aliments \u2022 \u00c9picerie fine \u2022 Cosm\u00e9tiques\",\"potentialAction\":[{\"@type\":\"SearchAction\",\"target\":{\"@type\":\"EntryPoint\",\"urlTemplate\":\"https:\\\/\\\/www.guayapi.com\\\/boutique\\\/?s={search_term_string}\"},\"query-input\":{\"@type\":\"PropertyValueSpecification\",\"valueRequired\":true,\"valueName\":\"search_term_string\"}}],\"inLanguage\":\"fr-FR\"}]}<\/script>","yoast_head_json":{"title":"Boost d'Amazonie - Guayapi","robots":{"index":"index","follow":"follow","max-snippet":"max-snippet:-1","max-image-preview":"max-image-preview:large","max-video-preview":"max-video-preview:-1"},"canonical":"https:\/\/www.guayapi.com\/boutique\/produit\/boost-damazonie\/","og_locale":"fr_FR","og_type":"article","og_title":"Boost d'Amazonie - Guayapi","og_description":"Boost d\u2019amazonie bio\u00a0:   80 tablettes de 840 mg chacune \u2013 composition\u00a0: poudre de Warana bio et FGP (Paullina Cupana Var. Sorbilis), Camu-Camu bio (myrciaria dubia), farine de coco bio (cocos nucifera)\u00a0; anti-agglom\u00e9rant ; gomme d\u2019acacia bio. Toutes nos poudres de plantes sont 100% pures   Chaque comprim\u00e9 contient au minimum 195 mg de Warana et 195 mg de Camu-Camu.  Conseil d\u2019utilisation\u00a0:   Croquez 2 \u00e0 3 comprim\u00e9s par jour. Par p\u00e9riode de 2 ou 3 semaines \u00e0 renouveler, ou ponctuellement.  COMPL\u00c9MENT ALIMENTAIRE. TENIR HORS DE PORT\u00c9E DES JEUNES ENFANTS. NE PEUT SE SUBSTITUER \u00c0 UN R\u00c9GIME ALIMENTAIRE VARI\u00c9, NI \u00c0 UN MODE DE VIE SAIN. \u00c0 CONSOMMER DE PR\u00c9F\u00c9RENCE AVANT FIN : VOIR AU FOND DE LA BO\u00ceTE.  Bo\u00eete de 80 tablettes \u2013 28\u20ac soit 416,67\u20ac \/ kg","og_url":"https:\/\/www.guayapi.com\/boutique\/produit\/boost-damazonie\/","og_site_name":"Guayapi","article_modified_time":"2026-03-11T17:19:00+00:00","og_image":[{"width":362,"height":690,"url":"https:\/\/www.guayapi.com\/boutique\/wp-content\/uploads\/2026\/02\/guayapi-boost-65g-removebg-preview.png","type":"image\/png"}],"twitter_card":"summary_large_image","twitter_misc":{"Dur\u00e9e de lecture estim\u00e9e":"2 minutes"},"schema":{"@context":"https:\/\/schema.org","@graph":[{"@type":"WebPage","@id":"https:\/\/www.guayapi.com\/boutique\/produit\/boost-damazonie\/","url":"https:\/\/www.guayapi.com\/boutique\/produit\/boost-damazonie\/","name":"Boost d'Amazonie - Guayapi","isPartOf":{"@id":"https:\/\/www.guayapi.com\/boutique\/#website"},"primaryImageOfPage":{"@id":"https:\/\/www.guayapi.com\/boutique\/produit\/boost-damazonie\/#primaryimage"},"image":{"@id":"https:\/\/www.guayapi.com\/boutique\/produit\/boost-damazonie\/#primaryimage"},"thumbnailUrl":"https:\/\/www.guayapi.com\/boutique\/wp-content\/uploads\/2026\/02\/guayapi-boost-65g-removebg-preview.png","datePublished":"2026-03-04T14:30:57+00:00","dateModified":"2026-03-11T17:19:00+00:00","breadcrumb":{"@id":"https:\/\/www.guayapi.com\/boutique\/produit\/boost-damazonie\/#breadcrumb"},"inLanguage":"fr-FR","potentialAction":[{"@type":"ReadAction","target":["https:\/\/www.guayapi.com\/boutique\/produit\/boost-damazonie\/"]}]},{"@type":"ImageObject","inLanguage":"fr-FR","@id":"https:\/\/www.guayapi.com\/boutique\/produit\/boost-damazonie\/#primaryimage","url":"https:\/\/www.guayapi.com\/boutique\/wp-content\/uploads\/2026\/02\/guayapi-boost-65g-removebg-preview.png","contentUrl":"https:\/\/www.guayapi.com\/boutique\/wp-content\/uploads\/2026\/02\/guayapi-boost-65g-removebg-preview.png","width":362,"height":690},{"@type":"BreadcrumbList","@id":"https:\/\/www.guayapi.com\/boutique\/produit\/boost-damazonie\/#breadcrumb","itemListElement":[{"@type":"ListItem","position":1,"name":"Accueil","item":"https:\/\/www.guayapi.com\/boutique\/"},{"@type":"ListItem","position":2,"name":"Boutique","item":"https:\/\/www.guayapi.com\/boutique\/"},{"@type":"ListItem","position":3,"name":"Boost d&rsquo;Amazonie"}]},{"@type":"WebSite","@id":"https:\/\/www.guayapi.com\/boutique\/#website","url":"https:\/\/www.guayapi.com\/boutique\/","name":"Guayapi","description":"Super-aliments \u2022 \u00c9picerie fine \u2022 Cosm\u00e9tiques","potentialAction":[{"@type":"SearchAction","target":{"@type":"EntryPoint","urlTemplate":"https:\/\/www.guayapi.com\/boutique\/?s={search_term_string}"},"query-input":{"@type":"PropertyValueSpecification","valueRequired":true,"valueName":"search_term_string"}}],"inLanguage":"fr-FR"}]}},"_links":{"self":[{"href":"https:\/\/www.guayapi.com\/boutique\/wp-json\/wp\/v2\/product\/50945","targetHints":{"allow":["GET"]}}],"collection":[{"href":"https:\/\/www.guayapi.com\/boutique\/wp-json\/wp\/v2\/product"}],"about":[{"href":"https:\/\/www.guayapi.com\/boutique\/wp-json\/wp\/v2\/types\/product"}],"wp:featuredmedia":[{"embeddable":true,"href":"https:\/\/www.guayapi.com\/boutique\/wp-json\/wp\/v2\/media\/50946"}],"wp:attachment":[{"href":"https:\/\/www.guayapi.com\/boutique\/wp-json\/wp\/v2\/media?parent=50945"}],"wp:term":[{"taxonomy":"product_brand","embeddable":true,"href":"https:\/\/www.guayapi.com\/boutique\/wp-json\/wp\/v2\/product_brand?post=50945"},{"taxonomy":"product_cat","embeddable":true,"href":"https:\/\/www.guayapi.com\/boutique\/wp-json\/wp\/v2\/product_cat?post=50945"},{"taxonomy":"product_tag","embeddable":true,"href":"https:\/\/www.guayapi.com\/boutique\/wp-json\/wp\/v2\/product_tag?post=50945"}],"curies":[{"name":"wp","href":"https:\/\/api.w.org\/{rel}","templated":true}]}}