{"id":9825,"date":"2019-07-08T15:00:16","date_gmt":"2019-07-08T13:00:16","guid":{"rendered":"https:\/\/www.guayapi.com\/boutique\/?post_type=product&#038;p=9825"},"modified":"2026-01-02T12:24:26","modified_gmt":"2026-01-02T11:24:26","slug":"guayazen","status":"publish","type":"product","link":"https:\/\/www.guayapi.com\/boutique\/produit\/guayazen\/","title":{"rendered":"Guayazen"},"content":{"rendered":"<p>Le Guayazen est une formulation unique n\u00e9e de notre savoir-faire en synergie de plantes amazoniennes :<br \/>\nWarana, dynamisant physique qui contribue \u00e0 lutter contre l&rsquo;influence n\u00e9gative du stress et \u00e0 r\u00e9duire la fatigue mentale, avec la panac\u00e9e ancienne Gomphrena.<\/p>\n<p>Nous compl\u00e9tons avec un peu d&rsquo;Hydromel artisanal afin de les lier.<\/p>\n<p>Mode d&#8217;emploi: 1 ampoule par jour \u00e0 d\u00e9poser directement sous la langue ou \u00e0 diluer dans une boisson froide, pendant 10 jours.<\/p>\n<p>INFORMATION NUTRITIONNELLE POUR 100 MILLILITRES:<\/p>\n<p>Valeur \u00e9nerg\u00e9tique:<br \/>\nKcal 271,<br \/>\nKJ 1134<\/p>\n<p>Lipides: 0,23 g;<br \/>\nDont acides gras satur\u00e9s: 0,15 g<\/p>\n<p>Glucides: 49,36;<br \/>\nDont sucres: 35,3 g<\/p>\n<p>Prot\u00e9ines: 1,58 g<\/p>\n<p>Sel: 0 g<\/p>\n<p>Mangan\u00e8se: 0,83 mg (41,5 % des VNR*)<\/p>\n<p>*VNR: Valeur Nutritionnelle de R\u00e9f\u00e9rence<\/p>\n<p>&nbsp;<\/p>\n<p>INFORMATION NUTRITIONNELLE PAR PORTION DE 1 AMPOULE (SOIT 10 MILLILITRES):<\/p>\n<p>Valeur \u00e9nerg\u00e9tique:<br \/>\nKcal 27,<br \/>\nKJ 113<\/p>\n<p>Lipides: 0,025 g;<br \/>\nDont acides gras satur\u00e9s: 0,02 g<\/p>\n<p>Glucides: 4,94;<br \/>\nDont sucres: 3,53 g<\/p>\n<p>Prot\u00e9ines: 0,16 g<\/p>\n<p>Sel: 0 g<\/p>\n<p>Mangan\u00e8se: 008 mg (4,15 % des VNR*)<\/p>\n<p>*VNR: Valeur Nutritionnelle de R\u00e9f\u00e9rence<\/p>\n<p><span style=\"font-size: 8pt\"><em>COMPL\u00c9MENT ALIMENTAIRE. TENIR HORS DE PORT\u00c9E DES JEUNES ENFANTS. NE PEUT SE SUBSTITUER \u00c0 UN R\u00c9GIME ALIMENTAIRE VARI\u00c9, NI \u00c0 UN MODE DE VIE SAIN. \u00c0 CONSOMMER DE PR\u00c9F\u00c9RENCE AVANT FIN : VOIR AU FOND DE LA BO\u00ceTE.<\/em><\/span><\/p>\n<p>DLUO (DDM) 31\/08\/2024. La Date de Durabilit\u00e9 Minimale (DDM) est seulement indicative, vous pouvez consommer le produit une fois la date pass\u00e9e : <a href=\"https:\/\/www.service-public.fr\/particuliers\/vosdroits\/F10990\" target=\"_blank\" rel=\"noopener\">https:\/\/www.service-public.fr\/particuliers\/vosdroits\/F10990<\/a><\/p>\n","protected":false},"excerpt":{"rendered":"<p>\u00ab\u00a0La synergie amazonienne\u00a0\u00bb<\/p>\n<p>Attention : ce produit contient de l&rsquo;alcool, l&rsquo;abus d&rsquo;alcool est dangereux pour la sant\u00e9, \u00e0 consommer avec mod\u00e9ration<\/p>\n<p>(228\u20ac\/L)<\/p>\n","protected":false},"featured_media":36432,"template":"","meta":{"_acf_changed":false},"product_brand":[],"product_cat":[7],"product_tag":[47,332],"class_list":{"0":"post-9825","1":"product","2":"type-product","3":"status-publish","4":"has-post-thumbnail","6":"product_cat-super-aliments","7":"product_tag-tonus-energie","8":"product_tag-detente-en-fr","10":"first","11":"instock","12":"sale","13":"taxable","14":"shipping-taxable","15":"purchasable","16":"product-type-simple"},"acf":[],"yoast_head":"<title>Guayazen - Guayapi<\/title>\n<meta name=\"robots\" content=\"index, follow, max-snippet:-1, max-image-preview:large, max-video-preview:-1\" \/>\n<link rel=\"canonical\" href=\"https:\/\/www.guayapi.com\/boutique\/produit\/guayazen\/\" \/>\n<meta property=\"og:locale\" content=\"fr_FR\" \/>\n<meta property=\"og:type\" content=\"article\" \/>\n<meta property=\"og:title\" content=\"Guayazen - Guayapi\" \/>\n<meta property=\"og:description\" content=\"&quot;La synergie amazonienne&quot;  Attention : ce produit contient de l&#039;alcool, l&#039;abus d&#039;alcool est dangereux pour la sant\u00e9, \u00e0 consommer avec mod\u00e9ration  (228\u20ac\/L)\" \/>\n<meta property=\"og:url\" content=\"https:\/\/www.guayapi.com\/boutique\/produit\/guayazen\/\" \/>\n<meta property=\"og:site_name\" content=\"Guayapi\" \/>\n<meta property=\"article:modified_time\" content=\"2026-01-02T11:24:26+00:00\" \/>\n<meta property=\"og:image\" content=\"https:\/\/www.guayapi.com\/boutique\/wp-content\/uploads\/2020\/04\/guayazen-detoure-e1641917261311.png\" \/>\n\t<meta property=\"og:image:width\" content=\"399\" \/>\n\t<meta property=\"og:image:height\" content=\"567\" \/>\n\t<meta property=\"og:image:type\" content=\"image\/png\" \/>\n<meta name=\"twitter:card\" content=\"summary_large_image\" \/>\n<meta name=\"twitter:label1\" content=\"Dur\u00e9e de lecture estim\u00e9e\" \/>\n\t<meta name=\"twitter:data1\" content=\"2 minutes\" \/>\n<script type=\"application\/ld+json\" class=\"yoast-schema-graph\">{\"@context\":\"https:\\\/\\\/schema.org\",\"@graph\":[{\"@type\":\"WebPage\",\"@id\":\"https:\\\/\\\/www.guayapi.com\\\/boutique\\\/produit\\\/guayazen\\\/\",\"url\":\"https:\\\/\\\/www.guayapi.com\\\/boutique\\\/produit\\\/guayazen\\\/\",\"name\":\"Guayazen - Guayapi\",\"isPartOf\":{\"@id\":\"https:\\\/\\\/www.guayapi.com\\\/boutique\\\/#website\"},\"primaryImageOfPage\":{\"@id\":\"https:\\\/\\\/www.guayapi.com\\\/boutique\\\/produit\\\/guayazen\\\/#primaryimage\"},\"image\":{\"@id\":\"https:\\\/\\\/www.guayapi.com\\\/boutique\\\/produit\\\/guayazen\\\/#primaryimage\"},\"thumbnailUrl\":\"https:\\\/\\\/www.guayapi.com\\\/boutique\\\/wp-content\\\/uploads\\\/2020\\\/04\\\/guayazen-detoure-e1641917261311.png\",\"datePublished\":\"2019-07-08T13:00:16+00:00\",\"dateModified\":\"2026-01-02T11:24:26+00:00\",\"breadcrumb\":{\"@id\":\"https:\\\/\\\/www.guayapi.com\\\/boutique\\\/produit\\\/guayazen\\\/#breadcrumb\"},\"inLanguage\":\"fr-FR\",\"potentialAction\":[{\"@type\":\"ReadAction\",\"target\":[\"https:\\\/\\\/www.guayapi.com\\\/boutique\\\/produit\\\/guayazen\\\/\"]}]},{\"@type\":\"ImageObject\",\"inLanguage\":\"fr-FR\",\"@id\":\"https:\\\/\\\/www.guayapi.com\\\/boutique\\\/produit\\\/guayazen\\\/#primaryimage\",\"url\":\"https:\\\/\\\/www.guayapi.com\\\/boutique\\\/wp-content\\\/uploads\\\/2020\\\/04\\\/guayazen-detoure-e1641917261311.png\",\"contentUrl\":\"https:\\\/\\\/www.guayapi.com\\\/boutique\\\/wp-content\\\/uploads\\\/2020\\\/04\\\/guayazen-detoure-e1641917261311.png\",\"width\":399,\"height\":567},{\"@type\":\"BreadcrumbList\",\"@id\":\"https:\\\/\\\/www.guayapi.com\\\/boutique\\\/produit\\\/guayazen\\\/#breadcrumb\",\"itemListElement\":[{\"@type\":\"ListItem\",\"position\":1,\"name\":\"Accueil\",\"item\":\"https:\\\/\\\/www.guayapi.com\\\/boutique\\\/\"},{\"@type\":\"ListItem\",\"position\":2,\"name\":\"Boutique\",\"item\":\"https:\\\/\\\/www.guayapi.com\\\/boutique\\\/\"},{\"@type\":\"ListItem\",\"position\":3,\"name\":\"Guayazen\"}]},{\"@type\":\"WebSite\",\"@id\":\"https:\\\/\\\/www.guayapi.com\\\/boutique\\\/#website\",\"url\":\"https:\\\/\\\/www.guayapi.com\\\/boutique\\\/\",\"name\":\"Guayapi\",\"description\":\"Super-aliments \u2022 \u00c9picerie fine \u2022 Cosm\u00e9tiques\",\"potentialAction\":[{\"@type\":\"SearchAction\",\"target\":{\"@type\":\"EntryPoint\",\"urlTemplate\":\"https:\\\/\\\/www.guayapi.com\\\/boutique\\\/?s={search_term_string}\"},\"query-input\":{\"@type\":\"PropertyValueSpecification\",\"valueRequired\":true,\"valueName\":\"search_term_string\"}}],\"inLanguage\":\"fr-FR\"}]}<\/script>","yoast_head_json":{"title":"Guayazen - Guayapi","robots":{"index":"index","follow":"follow","max-snippet":"max-snippet:-1","max-image-preview":"max-image-preview:large","max-video-preview":"max-video-preview:-1"},"canonical":"https:\/\/www.guayapi.com\/boutique\/produit\/guayazen\/","og_locale":"fr_FR","og_type":"article","og_title":"Guayazen - Guayapi","og_description":"\"La synergie amazonienne\"  Attention : ce produit contient de l'alcool, l'abus d'alcool est dangereux pour la sant\u00e9, \u00e0 consommer avec mod\u00e9ration  (228\u20ac\/L)","og_url":"https:\/\/www.guayapi.com\/boutique\/produit\/guayazen\/","og_site_name":"Guayapi","article_modified_time":"2026-01-02T11:24:26+00:00","og_image":[{"width":399,"height":567,"url":"https:\/\/www.guayapi.com\/boutique\/wp-content\/uploads\/2020\/04\/guayazen-detoure-e1641917261311.png","type":"image\/png"}],"twitter_card":"summary_large_image","twitter_misc":{"Dur\u00e9e de lecture estim\u00e9e":"2 minutes"},"schema":{"@context":"https:\/\/schema.org","@graph":[{"@type":"WebPage","@id":"https:\/\/www.guayapi.com\/boutique\/produit\/guayazen\/","url":"https:\/\/www.guayapi.com\/boutique\/produit\/guayazen\/","name":"Guayazen - Guayapi","isPartOf":{"@id":"https:\/\/www.guayapi.com\/boutique\/#website"},"primaryImageOfPage":{"@id":"https:\/\/www.guayapi.com\/boutique\/produit\/guayazen\/#primaryimage"},"image":{"@id":"https:\/\/www.guayapi.com\/boutique\/produit\/guayazen\/#primaryimage"},"thumbnailUrl":"https:\/\/www.guayapi.com\/boutique\/wp-content\/uploads\/2020\/04\/guayazen-detoure-e1641917261311.png","datePublished":"2019-07-08T13:00:16+00:00","dateModified":"2026-01-02T11:24:26+00:00","breadcrumb":{"@id":"https:\/\/www.guayapi.com\/boutique\/produit\/guayazen\/#breadcrumb"},"inLanguage":"fr-FR","potentialAction":[{"@type":"ReadAction","target":["https:\/\/www.guayapi.com\/boutique\/produit\/guayazen\/"]}]},{"@type":"ImageObject","inLanguage":"fr-FR","@id":"https:\/\/www.guayapi.com\/boutique\/produit\/guayazen\/#primaryimage","url":"https:\/\/www.guayapi.com\/boutique\/wp-content\/uploads\/2020\/04\/guayazen-detoure-e1641917261311.png","contentUrl":"https:\/\/www.guayapi.com\/boutique\/wp-content\/uploads\/2020\/04\/guayazen-detoure-e1641917261311.png","width":399,"height":567},{"@type":"BreadcrumbList","@id":"https:\/\/www.guayapi.com\/boutique\/produit\/guayazen\/#breadcrumb","itemListElement":[{"@type":"ListItem","position":1,"name":"Accueil","item":"https:\/\/www.guayapi.com\/boutique\/"},{"@type":"ListItem","position":2,"name":"Boutique","item":"https:\/\/www.guayapi.com\/boutique\/"},{"@type":"ListItem","position":3,"name":"Guayazen"}]},{"@type":"WebSite","@id":"https:\/\/www.guayapi.com\/boutique\/#website","url":"https:\/\/www.guayapi.com\/boutique\/","name":"Guayapi","description":"Super-aliments \u2022 \u00c9picerie fine \u2022 Cosm\u00e9tiques","potentialAction":[{"@type":"SearchAction","target":{"@type":"EntryPoint","urlTemplate":"https:\/\/www.guayapi.com\/boutique\/?s={search_term_string}"},"query-input":{"@type":"PropertyValueSpecification","valueRequired":true,"valueName":"search_term_string"}}],"inLanguage":"fr-FR"}]}},"_links":{"self":[{"href":"https:\/\/www.guayapi.com\/boutique\/wp-json\/wp\/v2\/product\/9825","targetHints":{"allow":["GET"]}}],"collection":[{"href":"https:\/\/www.guayapi.com\/boutique\/wp-json\/wp\/v2\/product"}],"about":[{"href":"https:\/\/www.guayapi.com\/boutique\/wp-json\/wp\/v2\/types\/product"}],"wp:featuredmedia":[{"embeddable":true,"href":"https:\/\/www.guayapi.com\/boutique\/wp-json\/wp\/v2\/media\/36432"}],"wp:attachment":[{"href":"https:\/\/www.guayapi.com\/boutique\/wp-json\/wp\/v2\/media?parent=9825"}],"wp:term":[{"taxonomy":"product_brand","embeddable":true,"href":"https:\/\/www.guayapi.com\/boutique\/wp-json\/wp\/v2\/product_brand?post=9825"},{"taxonomy":"product_cat","embeddable":true,"href":"https:\/\/www.guayapi.com\/boutique\/wp-json\/wp\/v2\/product_cat?post=9825"},{"taxonomy":"product_tag","embeddable":true,"href":"https:\/\/www.guayapi.com\/boutique\/wp-json\/wp\/v2\/product_tag?post=9825"}],"curies":[{"name":"wp","href":"https:\/\/api.w.org\/{rel}","templated":true}]}}